{"id":731,"date":"2022-08-16T10:28:02","date_gmt":"2022-08-16T10:28:02","guid":{"rendered":"https:\/\/demo.athemes.com\/sydney-fashion\/?page_id=731"},"modified":"2025-12-29T21:05:35","modified_gmt":"2025-12-29T21:05:35","slug":"about","status":"publish","type":"page","link":"https:\/\/infrawire.com.br\/index.php\/about\/","title":{"rendered":"Sobre"},"content":{"rendered":"\t\t<div data-elementor-type=\"wp-page\" data-elementor-id=\"731\" class=\"elementor elementor-731\">\n\t\t\t\t<div class=\"elementor-element elementor-element-d0515c9 e-flex e-con-boxed e-con e-parent\" data-id=\"d0515c9\" data-element_type=\"container\" data-settings=\"{&quot;background_background&quot;:&quot;classic&quot;}\">\n\t\t\t\t\t<div class=\"e-con-inner\">\n\t\t<div class=\"elementor-element elementor-element-464cf48 e-con-full e-flex e-con e-child\" data-id=\"464cf48\" data-element_type=\"container\">\n\t\t\t\t<div class=\"elementor-element elementor-element-87bf9e2 elementor-widget elementor-widget-heading\" data-id=\"87bf9e2\" data-element_type=\"widget\" data-widget_type=\"heading.default\">\n\t\t\t\t\t<h1 class=\"elementor-heading-title elementor-size-default\">Sobre a InfraWire<\/h1>\t\t\t\t<\/div>\n\t\t\t\t<\/div>\n\t\t\t\t\t<\/div>\n\t\t\t\t<\/div>\n\t\t<div class=\"elementor-element elementor-element-bf86d5c e-flex e-con-boxed e-con e-parent\" data-id=\"bf86d5c\" data-element_type=\"container\">\n\t\t\t\t\t<div class=\"e-con-inner\">\n\t\t\t\t<div class=\"elementor-element elementor-element-2e03a55 elementor-invisible elementor-widget elementor-widget-heading\" data-id=\"2e03a55\" data-element_type=\"widget\" data-settings=\"{&quot;_animation&quot;:&quot;fadeIn&quot;}\" data-widget_type=\"heading.default\">\n\t\t\t\t\t<h2 class=\"elementor-heading-title elementor-size-default\">Nossa Hist\u00f3ria<\/h2>\t\t\t\t<\/div>\n\t\t\t\t<div class=\"elementor-element elementor-element-2f65694 elementor-widget__width-initial elementor-invisible elementor-widget elementor-widget-text-editor\" data-id=\"2f65694\" data-element_type=\"widget\" data-settings=\"{&quot;_animation&quot;:&quot;fadeIn&quot;}\" data-widget_type=\"text-editor.default\">\n\t\t\t\t\t\t\t\t\t<p data-pm-slice=\"1 1 []\">Acreditamos que a tecnologia \u00e9 um ativo para o crescimento das empresas.<\/p>\t\t\t\t\t\t\t\t<\/div>\n\t\t\t\t<div class=\"elementor-element elementor-element-68c1aed elementor-invisible elementor-widget elementor-widget-text-editor\" data-id=\"68c1aed\" data-element_type=\"widget\" data-settings=\"{&quot;_animation&quot;:&quot;fadeIn&quot;}\" data-widget_type=\"text-editor.default\">\n\t\t\t\t\t\t\t\t\t<p data-start=\"208\" data-end=\"610\">A <strong data-start=\"210\" data-end=\"223\">InfraWire<\/strong> nasceu da experi\u00eancia pr\u00e1tica e da paix\u00e3o por tecnologia aplicada a neg\u00f3cios reais. Fundada com o prop\u00f3sito de <strong data-start=\"335\" data-end=\"389\">simplificar a TI e torn\u00e1-la uma aliada estrat\u00e9gica<\/strong>, a empresa foi constru\u00edda a partir de anos de atua\u00e7\u00e3o em <strong data-start=\"447\" data-end=\"521\">infraestrutura, redes, servidores Linux, virtualiza\u00e7\u00e3o e monitoramento<\/strong>, atendendo empresas que precisavam de estabilidade, seguran\u00e7a e crescimento sustent\u00e1vel.<\/p><p data-start=\"612\" data-end=\"1039\">Desde o in\u00edcio, a InfraWire adotou uma abordagem diferente: <strong data-start=\"672\" data-end=\"738\">parceria pr\u00f3xima, atendimento humanizado e solu\u00e7\u00f5es sob medida<\/strong>, entendendo que cada ambiente de TI reflete diretamente a opera\u00e7\u00e3o do cliente. Ao longo do tempo, evolu\u00edmos junto com nossos parceiros, entregando projetos s\u00f3lidos, suporte confi\u00e1vel e uma infraestrutura preparada para o futuro, sempre com foco em <strong data-start=\"987\" data-end=\"1038\">confian\u00e7a, desempenho e continuidade do neg\u00f3cio<\/strong>.<\/p>\t\t\t\t\t\t\t\t<\/div>\n\t\t\t\t\t<\/div>\n\t\t\t\t<\/div>\n\t\t<div class=\"elementor-element elementor-element-961d170 e-flex e-con-boxed e-con e-parent\" data-id=\"961d170\" data-element_type=\"container\">\n\t\t\t\t\t<div class=\"e-con-inner\">\n\t\t\t\t<div class=\"elementor-element elementor-element-5a47eb3 elementor-invisible elementor-widget elementor-widget-heading\" data-id=\"5a47eb3\" data-element_type=\"widget\" data-settings=\"{&quot;_animation&quot;:&quot;fadeIn&quot;}\" data-widget_type=\"heading.default\">\n\t\t\t\t\t<h2 class=\"elementor-heading-title elementor-size-default\">Filosofia<\/h2>\t\t\t\t<\/div>\n\t\t\t\t<div class=\"elementor-element elementor-element-74ef02f elementor-invisible elementor-widget elementor-widget-text-editor\" data-id=\"74ef02f\" data-element_type=\"widget\" data-settings=\"{&quot;_animation&quot;:&quot;fadeIn&quot;}\" data-widget_type=\"text-editor.default\">\n\t\t\t\t\t\t\t\t\t<p data-start=\"195\" data-end=\"498\">Acreditamos que a tecnologia deve <strong data-start=\"229\" data-end=\"269\">servir ao neg\u00f3cio, e n\u00e3o o contr\u00e1rio<\/strong>. Por isso, nossa filosofia \u00e9 baseada em <strong data-start=\"310\" data-end=\"364\">parceria, transpar\u00eancia e responsabilidade t\u00e9cnica<\/strong>, atuando de forma pr\u00f3xima aos clientes para entender seus desafios e entregar solu\u00e7\u00f5es que realmente fa\u00e7am sentido para sua opera\u00e7\u00e3o.<\/p><p data-start=\"500\" data-end=\"867\">Na InfraWire, cada projeto e cada atendimento s\u00e3o conduzidos com <strong data-start=\"565\" data-end=\"640\">compromisso com a qualidade, preven\u00e7\u00e3o de falhas e vis\u00e3o de longo prazo<\/strong>. Trabalhamos para construir ambientes de TI <strong data-start=\"685\" data-end=\"719\">est\u00e1veis, seguros e escal\u00e1veis<\/strong>, valorizando o relacionamento humano tanto quanto a excel\u00eancia t\u00e9cnica, porque confiamos que <strong data-start=\"813\" data-end=\"866\">bons resultados nascem de confian\u00e7a e colabora\u00e7\u00e3o<\/strong>.<\/p>\t\t\t\t\t\t\t\t<\/div>\n\t\t\t\t\t<\/div>\n\t\t\t\t<\/div>\n\t\t<div class=\"elementor-element elementor-element-a7714d6 e-flex e-con-boxed e-con e-parent\" data-id=\"a7714d6\" data-element_type=\"container\">\n\t\t\t\t\t<div class=\"e-con-inner\">\n\t\t<div class=\"elementor-element elementor-element-9f55ea2 e-con-full e-flex e-con e-child\" data-id=\"9f55ea2\" data-element_type=\"container\">\n\t\t\t\t<div class=\"elementor-element elementor-element-889c336 elementor-invisible elementor-widget elementor-widget-heading\" data-id=\"889c336\" data-element_type=\"widget\" data-settings=\"{&quot;_animation&quot;:&quot;fadeIn&quot;}\" data-widget_type=\"heading.default\">\n\t\t\t\t\t<h2 class=\"elementor-heading-title elementor-size-default\">Fale com a gente:<\/h2>\t\t\t\t<\/div>\n\t\t\t\t<div class=\"elementor-element elementor-element-9dcab71 elementor-widget__width-initial elementor-invisible elementor-widget elementor-widget-text-editor\" data-id=\"9dcab71\" data-element_type=\"widget\" data-settings=\"{&quot;_animation&quot;:&quot;fadeIn&quot;}\" data-widget_type=\"text-editor.default\">\n\t\t\t\t\t\t\t\t\t<p>Clique no link abaixo para entrar em contato<\/p>\t\t\t\t\t\t\t\t<\/div>\n\t\t\t\t<div class=\"elementor-element elementor-element-f35a4bc elementor-align-left elementor-mobile-align-left elementor-invisible elementor-widget elementor-widget-button\" data-id=\"f35a4bc\" data-element_type=\"widget\" data-settings=\"{&quot;_animation&quot;:&quot;fadeInUp&quot;,&quot;_animation_delay&quot;:300}\" data-widget_type=\"button.default\">\n\t\t\t\t\t\t\t\t\t\t<a class=\"elementor-button elementor-button-link elementor-size-sm\" href=\"https:\/\/infrawire.com.br\/index.php\/formulario-de-contato\/\">\n\t\t\t\t\t\t<span class=\"elementor-button-content-wrapper\">\n\t\t\t\t\t\t<span class=\"elementor-button-icon\">\n\t\t\t\t<svg xmlns=\"http:\/\/www.w3.org\/2000\/svg\" width=\"37\" height=\"16\" viewBox=\"0 0 37 16\" fill=\"none\"><path d=\"M1 8H35\" stroke=\"white\" stroke-linecap=\"round\" stroke-linejoin=\"round\"><\/path><path d=\"M29 1L36 8L29 15\" stroke=\"white\" stroke-linecap=\"round\" stroke-linejoin=\"round\"><\/path><\/svg>\t\t\t<\/span>\n\t\t\t\t\t\t\t\t\t<span class=\"elementor-button-text\">Fale Conosco<\/span>\n\t\t\t\t\t<\/span>\n\t\t\t\t\t<\/a>\n\t\t\t\t\t\t\t\t<\/div>\n\t\t\t\t<\/div>\n\t\t\t\t\t<\/div>\n\t\t\t\t<\/div>\n\t\t\t\t<\/div>\n\t\t","protected":false},"excerpt":{"rendered":"<p>Sobre a InfraWire Nossa Hist\u00f3ria Acreditamos que a tecnologia \u00e9 um ativo para o crescimento das empresas. A InfraWire nasceu da experi\u00eancia [&hellip;]<\/p>\n","protected":false},"author":1,"featured_media":0,"parent":0,"menu_order":0,"comment_status":"closed","ping_status":"closed","template":"page-templates\/page_front-page.php","meta":{"footnotes":""},"class_list":["post-731","page","type-page","status-publish","hentry"],"yoast_head":"<!-- This site is optimized with the Yoast SEO plugin v26.8 - https:\/\/yoast.com\/product\/yoast-seo-wordpress\/ -->\n<title>Sobre - InfraWire<\/title>\n<meta name=\"robots\" content=\"index, follow, max-snippet:-1, max-image-preview:large, max-video-preview:-1\" \/>\n<link rel=\"canonical\" href=\"https:\/\/infrawire.com.br\/index.php\/about\/\" \/>\n<meta property=\"og:locale\" content=\"pt_BR\" \/>\n<meta property=\"og:type\" content=\"article\" \/>\n<meta property=\"og:title\" content=\"Sobre - InfraWire\" \/>\n<meta property=\"og:description\" content=\"Sobre a InfraWire Nossa Hist\u00f3ria Acreditamos que a tecnologia \u00e9 um ativo para o crescimento das empresas. A InfraWire nasceu da experi\u00eancia [&hellip;]\" \/>\n<meta property=\"og:url\" content=\"https:\/\/infrawire.com.br\/index.php\/about\/\" \/>\n<meta property=\"og:site_name\" content=\"InfraWire\" \/>\n<meta property=\"article:modified_time\" content=\"2025-12-29T21:05:35+00:00\" \/>\n<meta name=\"twitter:card\" content=\"summary_large_image\" \/>\n<meta name=\"twitter:label1\" content=\"Est. tempo de leitura\" \/>\n\t<meta name=\"twitter:data1\" content=\"1 minuto\" \/>\n<script type=\"application\/ld+json\" class=\"yoast-schema-graph\">{\"@context\":\"https:\/\/schema.org\",\"@graph\":[{\"@type\":\"WebPage\",\"@id\":\"https:\/\/infrawire.com.br\/index.php\/about\/\",\"url\":\"https:\/\/infrawire.com.br\/index.php\/about\/\",\"name\":\"Sobre - InfraWire\",\"isPartOf\":{\"@id\":\"https:\/\/infrawire.com.br\/#website\"},\"datePublished\":\"2022-08-16T10:28:02+00:00\",\"dateModified\":\"2025-12-29T21:05:35+00:00\",\"breadcrumb\":{\"@id\":\"https:\/\/infrawire.com.br\/index.php\/about\/#breadcrumb\"},\"inLanguage\":\"pt-BR\",\"potentialAction\":[{\"@type\":\"ReadAction\",\"target\":[\"https:\/\/infrawire.com.br\/index.php\/about\/\"]}]},{\"@type\":\"BreadcrumbList\",\"@id\":\"https:\/\/infrawire.com.br\/index.php\/about\/#breadcrumb\",\"itemListElement\":[{\"@type\":\"ListItem\",\"position\":1,\"name\":\"In\u00edcio\",\"item\":\"https:\/\/infrawire.com.br\/\"},{\"@type\":\"ListItem\",\"position\":2,\"name\":\"Sobre\"}]},{\"@type\":\"WebSite\",\"@id\":\"https:\/\/infrawire.com.br\/#website\",\"url\":\"https:\/\/infrawire.com.br\/\",\"name\":\"InfraWire\",\"description\":\"Gest\u00e3o, seguran\u00e7a e infraestrutura de TI para sua empresa\",\"publisher\":{\"@id\":\"https:\/\/infrawire.com.br\/#organization\"},\"potentialAction\":[{\"@type\":\"SearchAction\",\"target\":{\"@type\":\"EntryPoint\",\"urlTemplate\":\"https:\/\/infrawire.com.br\/?s={search_term_string}\"},\"query-input\":{\"@type\":\"PropertyValueSpecification\",\"valueRequired\":true,\"valueName\":\"search_term_string\"}}],\"inLanguage\":\"pt-BR\"},{\"@type\":\"Organization\",\"@id\":\"https:\/\/infrawire.com.br\/#organization\",\"name\":\"InfraWire\",\"url\":\"https:\/\/infrawire.com.br\/\",\"logo\":{\"@type\":\"ImageObject\",\"inLanguage\":\"pt-BR\",\"@id\":\"https:\/\/infrawire.com.br\/#\/schema\/logo\/image\/\",\"url\":\"https:\/\/infrawire.com.br\/wp-content\/uploads\/2025\/12\/WiraIfreLogo.svg\",\"contentUrl\":\"https:\/\/infrawire.com.br\/wp-content\/uploads\/2025\/12\/WiraIfreLogo.svg\",\"width\":1080,\"height\":1080,\"caption\":\"InfraWire\"},\"image\":{\"@id\":\"https:\/\/infrawire.com.br\/#\/schema\/logo\/image\/\"}}]}<\/script>\n<!-- \/ Yoast SEO plugin. -->","yoast_head_json":{"title":"Sobre - InfraWire","robots":{"index":"index","follow":"follow","max-snippet":"max-snippet:-1","max-image-preview":"max-image-preview:large","max-video-preview":"max-video-preview:-1"},"canonical":"https:\/\/infrawire.com.br\/index.php\/about\/","og_locale":"pt_BR","og_type":"article","og_title":"Sobre - InfraWire","og_description":"Sobre a InfraWire Nossa Hist\u00f3ria Acreditamos que a tecnologia \u00e9 um ativo para o crescimento das empresas. A InfraWire nasceu da experi\u00eancia [&hellip;]","og_url":"https:\/\/infrawire.com.br\/index.php\/about\/","og_site_name":"InfraWire","article_modified_time":"2025-12-29T21:05:35+00:00","twitter_card":"summary_large_image","twitter_misc":{"Est. tempo de leitura":"1 minuto"},"schema":{"@context":"https:\/\/schema.org","@graph":[{"@type":"WebPage","@id":"https:\/\/infrawire.com.br\/index.php\/about\/","url":"https:\/\/infrawire.com.br\/index.php\/about\/","name":"Sobre - InfraWire","isPartOf":{"@id":"https:\/\/infrawire.com.br\/#website"},"datePublished":"2022-08-16T10:28:02+00:00","dateModified":"2025-12-29T21:05:35+00:00","breadcrumb":{"@id":"https:\/\/infrawire.com.br\/index.php\/about\/#breadcrumb"},"inLanguage":"pt-BR","potentialAction":[{"@type":"ReadAction","target":["https:\/\/infrawire.com.br\/index.php\/about\/"]}]},{"@type":"BreadcrumbList","@id":"https:\/\/infrawire.com.br\/index.php\/about\/#breadcrumb","itemListElement":[{"@type":"ListItem","position":1,"name":"In\u00edcio","item":"https:\/\/infrawire.com.br\/"},{"@type":"ListItem","position":2,"name":"Sobre"}]},{"@type":"WebSite","@id":"https:\/\/infrawire.com.br\/#website","url":"https:\/\/infrawire.com.br\/","name":"InfraWire","description":"Gest\u00e3o, seguran\u00e7a e infraestrutura de TI para sua empresa","publisher":{"@id":"https:\/\/infrawire.com.br\/#organization"},"potentialAction":[{"@type":"SearchAction","target":{"@type":"EntryPoint","urlTemplate":"https:\/\/infrawire.com.br\/?s={search_term_string}"},"query-input":{"@type":"PropertyValueSpecification","valueRequired":true,"valueName":"search_term_string"}}],"inLanguage":"pt-BR"},{"@type":"Organization","@id":"https:\/\/infrawire.com.br\/#organization","name":"InfraWire","url":"https:\/\/infrawire.com.br\/","logo":{"@type":"ImageObject","inLanguage":"pt-BR","@id":"https:\/\/infrawire.com.br\/#\/schema\/logo\/image\/","url":"https:\/\/infrawire.com.br\/wp-content\/uploads\/2025\/12\/WiraIfreLogo.svg","contentUrl":"https:\/\/infrawire.com.br\/wp-content\/uploads\/2025\/12\/WiraIfreLogo.svg","width":1080,"height":1080,"caption":"InfraWire"},"image":{"@id":"https:\/\/infrawire.com.br\/#\/schema\/logo\/image\/"}}]}},"jetpack_sharing_enabled":true,"_links":{"self":[{"href":"https:\/\/infrawire.com.br\/index.php\/wp-json\/wp\/v2\/pages\/731","targetHints":{"allow":["GET"]}}],"collection":[{"href":"https:\/\/infrawire.com.br\/index.php\/wp-json\/wp\/v2\/pages"}],"about":[{"href":"https:\/\/infrawire.com.br\/index.php\/wp-json\/wp\/v2\/types\/page"}],"author":[{"embeddable":true,"href":"https:\/\/infrawire.com.br\/index.php\/wp-json\/wp\/v2\/users\/1"}],"replies":[{"embeddable":true,"href":"https:\/\/infrawire.com.br\/index.php\/wp-json\/wp\/v2\/comments?post=731"}],"version-history":[{"count":14,"href":"https:\/\/infrawire.com.br\/index.php\/wp-json\/wp\/v2\/pages\/731\/revisions"}],"predecessor-version":[{"id":1099,"href":"https:\/\/infrawire.com.br\/index.php\/wp-json\/wp\/v2\/pages\/731\/revisions\/1099"}],"wp:attachment":[{"href":"https:\/\/infrawire.com.br\/index.php\/wp-json\/wp\/v2\/media?parent=731"}],"curies":[{"name":"wp","href":"https:\/\/api.w.org\/{rel}","templated":true}]}}