{"id":1056,"date":"2025-12-24T14:44:07","date_gmt":"2025-12-24T14:44:07","guid":{"rendered":"https:\/\/infrawire.com.br\/?page_id=1056"},"modified":"2025-12-24T14:44:49","modified_gmt":"2025-12-24T14:44:49","slug":"formulario-de-contato","status":"publish","type":"page","link":"https:\/\/infrawire.com.br\/index.php\/formulario-de-contato\/","title":{"rendered":"Formul\u00e1rio de Contato:"},"content":{"rendered":"\t\t<div data-elementor-type=\"wp-page\" data-elementor-id=\"1056\" class=\"elementor elementor-1056\">\n\t\t\t\t<div class=\"elementor-element elementor-element-a9bfd79 e-flex e-con-boxed e-con e-parent\" data-id=\"a9bfd79\" data-element_type=\"container\">\n\t\t\t\t\t<div class=\"e-con-inner\">\n\t\t\t\t<div class=\"elementor-element elementor-element-43bd3cb elementor-widget elementor-widget-wpforms\" data-id=\"43bd3cb\" data-element_type=\"widget\" data-widget_type=\"wpforms.default\">\n\t\t\t\t<div class=\"elementor-widget-container\">\n\t\t\t\t\t<div class=\"wpforms-container wpforms-container-full wpforms-render-modern\" id=\"wpforms-1030\"><form id=\"wpforms-form-1030\" class=\"wpforms-validate wpforms-form wpforms-ajax-form\" data-formid=\"1030\" method=\"post\" enctype=\"multipart\/form-data\" action=\"\/index.php\/wp-json\/wp\/v2\/pages\/1056\" data-token=\"24b5d0dcef3f1480f24c1ef97a26a883\" data-token-time=\"1775337865\"><noscript class=\"wpforms-error-noscript\">Ative o JavaScript no seu navegador para preencher este formul\u00e1rio.<\/noscript><div id=\"wpforms-error-noscript\" style=\"display: none;\">Ative o JavaScript no seu navegador para preencher este formul\u00e1rio.<\/div><div class=\"wpforms-field-container\"><div id=\"wpforms-1030-field_1-container\" class=\"wpforms-field wpforms-field-name\" data-field-id=\"1\"><fieldset><legend class=\"wpforms-field-label\">Nome <span class=\"wpforms-required-label\" aria-hidden=\"true\">*<\/span><\/legend><div class=\"wpforms-field-row wpforms-field-medium\"><div class=\"wpforms-field-row-block wpforms-first wpforms-one-half\"><input type=\"text\" id=\"wpforms-1030-field_1\" class=\"wpforms-field-name-first wpforms-field-required\" name=\"wpforms[fields][1][first]\" aria-errormessage=\"wpforms-1030-field_1-error\" required><label for=\"wpforms-1030-field_1\" class=\"wpforms-field-sublabel after\">Nome<\/label><\/div><div class=\"wpforms-field-row-block wpforms-one-half\"><input type=\"text\" id=\"wpforms-1030-field_1-last\" class=\"wpforms-field-name-last wpforms-field-required\" name=\"wpforms[fields][1][last]\" aria-errormessage=\"wpforms-1030-field_1-last-error\" required><label for=\"wpforms-1030-field_1-last\" class=\"wpforms-field-sublabel after\">Sobrenome<\/label><\/div><\/div><\/fieldset><\/div>\t\t<div id=\"wpforms-1030-field_6-container\"\n\t\t\tclass=\"wpforms-field wpforms-field-text\"\n\t\t\tdata-field-type=\"text\"\n\t\t\tdata-field-id=\"6\"\n\t\t\t>\n\t\t\t<label class=\"wpforms-field-label\" for=\"wpforms-1030-field_6\" >Empresa Informa\u00e7\u00f5es Empresa<\/label>\n\t\t\t<input type=\"text\" id=\"wpforms-1030-field_6\" class=\"wpforms-field-medium\" name=\"wpforms[fields][6]\" >\n\t\t<\/div>\n\t\t<div id=\"wpforms-1030-field_2-container\" class=\"wpforms-field wpforms-field-email\" data-field-id=\"2\"><label class=\"wpforms-field-label\" for=\"wpforms-1030-field_2\">E-mail <span class=\"wpforms-required-label\" aria-hidden=\"true\">*<\/span><\/label><input type=\"email\" id=\"wpforms-1030-field_2\" class=\"wpforms-field-medium wpforms-field-required\" name=\"wpforms[fields][2]\" spellcheck=\"false\" aria-errormessage=\"wpforms-1030-field_2-error\" required><\/div><div id=\"wpforms-1030-field_4-container\" class=\"wpforms-field wpforms-field-text\" data-field-id=\"4\"><label class=\"wpforms-field-label\" for=\"wpforms-1030-field_4\">Empresa <span class=\"wpforms-required-label\" aria-hidden=\"true\">*<\/span><\/label><input type=\"text\" id=\"wpforms-1030-field_4\" class=\"wpforms-field-medium wpforms-field-required\" name=\"wpforms[fields][4]\" aria-errormessage=\"wpforms-1030-field_4-error\" required><\/div><div id=\"wpforms-1030-field_5-container\" class=\"wpforms-field wpforms-field-select wpforms-field-select-style-classic\" data-field-id=\"5\"><label class=\"wpforms-field-label\" for=\"wpforms-1030-field_5\">Setor da Empresa<\/label><select id=\"wpforms-1030-field_5\" class=\"wpforms-field-medium\" name=\"wpforms[fields][5]\"><option value=\"Agroneg\u00f3cio\"  class=\"choice-1 depth-1\"  >Agroneg\u00f3cio<\/option><option value=\"Alimenta\u00e7\u00e3o \/ Restaurantes\"  class=\"choice-2 depth-1\"  >Alimenta\u00e7\u00e3o \/ Restaurantes<\/option><option value=\"Atacado \/ Distribui\u00e7\u00e3o\"  class=\"choice-3 depth-1\"  >Atacado \/ Distribui\u00e7\u00e3o<\/option><option value=\"Com\u00e9rcio \/ Varejo\"  class=\"choice-4 depth-1\"  >Com\u00e9rcio \/ Varejo<\/option><option value=\"E-commerce\"  class=\"choice-5 depth-1\"  >E-commerce<\/option><option value=\"Educa\u00e7\u00e3o \/ Escolas \/ Faculdades\"  class=\"choice-6 depth-1\"  >Educa\u00e7\u00e3o \/ Escolas \/ Faculdades<\/option><option value=\"Financeiro \/ Cont\u00e1bil\"  class=\"choice-7 depth-1\"  >Financeiro \/ Cont\u00e1bil<\/option><option value=\"Hotelaria \/ Turismo\"  class=\"choice-8 depth-1\"  >Hotelaria \/ Turismo<\/option><option value=\"Imobili\u00e1rio \/ Constru\u00e7\u00e3o Civil\"  class=\"choice-9 depth-1\"  >Imobili\u00e1rio \/ Constru\u00e7\u00e3o Civil<\/option><option value=\"Ind\u00fastria \/ Manufatura\"  class=\"choice-10 depth-1\"  >Ind\u00fastria \/ Manufatura<\/option><option value=\"Jur\u00eddico \/ Escrit\u00f3rios de Advocacia\"  class=\"choice-11 depth-1\"  >Jur\u00eddico \/ Escrit\u00f3rios de Advocacia<\/option><option value=\"Log\u00edstica \/ Transporte\"  class=\"choice-12 depth-1\"  >Log\u00edstica \/ Transporte<\/option><option value=\"Marketing \/ Publicidade\"  class=\"choice-13 depth-1\"  >Marketing \/ Publicidade<\/option><option value=\"\u00d3rg\u00e3os P\u00fablicos\"  class=\"choice-14 depth-1\"  >\u00d3rg\u00e3os P\u00fablicos<\/option><option value=\"Sa\u00fade \/ Cl\u00ednicas \/ Laborat\u00f3rios\"  class=\"choice-16 depth-1\"  >Sa\u00fade \/ Cl\u00ednicas \/ Laborat\u00f3rios<\/option><option value=\"Servi\u00e7os Profissionais\"  class=\"choice-17 depth-1\"  >Servi\u00e7os Profissionais<\/option><option value=\"Startups\"  class=\"choice-18 depth-1\"  >Startups<\/option><option value=\"Tecnologia da Informa\u00e7\u00e3o\"  class=\"choice-19 depth-1\"  >Tecnologia da Informa\u00e7\u00e3o<\/option><option value=\"Telecomunica\u00e7\u00f5es\"  class=\"choice-20 depth-1\"  >Telecomunica\u00e7\u00f5es<\/option><option value=\"Terceiro Setor \/ ONGs\"  class=\"choice-21 depth-1\"  >Terceiro Setor \/ ONGs<\/option><option value=\"Outro\"  class=\"choice-15 depth-1\"  >Outro<\/option><\/select><\/div><div id=\"wpforms-1030-field_3-container\" class=\"wpforms-field wpforms-field-textarea\" data-field-id=\"3\"><label class=\"wpforms-field-label\" for=\"wpforms-1030-field_3\">Informa\u00e7\u00f5es Adicionais<\/label><textarea id=\"wpforms-1030-field_3\" class=\"wpforms-field-medium\" name=\"wpforms[fields][3]\" aria-errormessage=\"wpforms-1030-field_3-error\" ><\/textarea><\/div><script data-jetpack-boost=\"ignore\">\n\t\t\t\t( function() {\n\t\t\t\t\tconst style = document.createElement( 'style' );\n\t\t\t\t\tstyle.appendChild( document.createTextNode( '#wpforms-1030-field_6-container { position: absolute !important; overflow: hidden !important; display: inline !important; height: 1px !important; width: 1px !important; z-index: -1000 !important; padding: 0 !important; } #wpforms-1030-field_6-container input { visibility: hidden; } #wpforms-conversational-form-page #wpforms-1030-field_6-container label { counter-increment: none; }' ) );\n\t\t\t\t\tdocument.head.appendChild( style );\n\t\t\t\t\tdocument.currentScript?.remove();\n\t\t\t\t} )();\n\t\t\t<\/script><\/div><!-- .wpforms-field-container --><div class=\"wpforms-submit-container\" ><input type=\"hidden\" name=\"wpforms[id]\" value=\"1030\"><input type=\"hidden\" name=\"page_title\" value=\"\"><input type=\"hidden\" name=\"page_url\" value=\"https:\/\/infrawire.com.br\/index.php\/wp-json\/wp\/v2\/pages\/1056\"><input type=\"hidden\" name=\"url_referer\" value=\"\"><button type=\"submit\" name=\"wpforms[submit]\" id=\"wpforms-submit-1030\" class=\"wpforms-submit\" data-alt-text=\"Enviando\u2026\" data-submit-text=\"Enviar\" aria-live=\"assertive\" value=\"wpforms-submit\">Enviar<\/button><img decoding=\"async\" src=\"https:\/\/infrawire.com.br\/wp-content\/plugins\/wpforms-lite\/assets\/images\/submit-spin.svg\" class=\"wpforms-submit-spinner\" style=\"display: none;\" width=\"26\" height=\"26\" alt=\"Carregando\"><\/div><\/form><\/div>  <!-- .wpforms-container -->\t\t\t\t<\/div>\n\t\t\t\t<\/div>\n\t\t\t\t\t<\/div>\n\t\t\t\t<\/div>\n\t\t\t\t<\/div>\n\t\t","protected":false},"excerpt":{"rendered":"<p>Ative o JavaScript no seu navegador para preencher este formul\u00e1rio.Ative o JavaScript no seu navegador para preencher este formul\u00e1rio. Nome * NomeSobrenome [&hellip;]<\/p>\n","protected":false},"author":1,"featured_media":0,"parent":0,"menu_order":0,"comment_status":"closed","ping_status":"closed","template":"page-templates\/page_fullwidth.php","meta":{"footnotes":""},"class_list":["post-1056","page","type-page","status-publish","hentry"],"yoast_head":"<!-- This site is optimized with the Yoast SEO plugin v26.8 - https:\/\/yoast.com\/product\/yoast-seo-wordpress\/ -->\n<title>Formul\u00e1rio de Contato: - InfraWire<\/title>\n<meta name=\"robots\" content=\"index, follow, max-snippet:-1, max-image-preview:large, max-video-preview:-1\" \/>\n<link rel=\"canonical\" href=\"https:\/\/infrawire.com.br\/index.php\/formulario-de-contato\/\" \/>\n<meta property=\"og:locale\" content=\"pt_BR\" \/>\n<meta property=\"og:type\" content=\"article\" \/>\n<meta property=\"og:title\" content=\"Formul\u00e1rio de Contato: - InfraWire\" \/>\n<meta property=\"og:description\" content=\"Ative o JavaScript no seu navegador para preencher este formul\u00e1rio.Ative o JavaScript no seu navegador para preencher este formul\u00e1rio. Nome * NomeSobrenome [&hellip;]\" \/>\n<meta property=\"og:url\" content=\"https:\/\/infrawire.com.br\/index.php\/formulario-de-contato\/\" \/>\n<meta property=\"og:site_name\" content=\"InfraWire\" \/>\n<meta property=\"article:modified_time\" content=\"2025-12-24T14:44:49+00:00\" \/>\n<meta property=\"og:image\" content=\"https:\/\/infrawire.com.br\/wp-content\/plugins\/wpforms-lite\/assets\/images\/submit-spin.svg\" \/>\n<meta name=\"twitter:card\" content=\"summary_large_image\" \/>\n<script type=\"application\/ld+json\" class=\"yoast-schema-graph\">{\"@context\":\"https:\/\/schema.org\",\"@graph\":[{\"@type\":\"WebPage\",\"@id\":\"https:\/\/infrawire.com.br\/index.php\/formulario-de-contato\/\",\"url\":\"https:\/\/infrawire.com.br\/index.php\/formulario-de-contato\/\",\"name\":\"Formul\u00e1rio de Contato: - InfraWire\",\"isPartOf\":{\"@id\":\"https:\/\/infrawire.com.br\/#website\"},\"primaryImageOfPage\":{\"@id\":\"https:\/\/infrawire.com.br\/index.php\/formulario-de-contato\/#primaryimage\"},\"image\":{\"@id\":\"https:\/\/infrawire.com.br\/index.php\/formulario-de-contato\/#primaryimage\"},\"thumbnailUrl\":\"https:\/\/infrawire.com.br\/wp-content\/plugins\/wpforms-lite\/assets\/images\/submit-spin.svg\",\"datePublished\":\"2025-12-24T14:44:07+00:00\",\"dateModified\":\"2025-12-24T14:44:49+00:00\",\"breadcrumb\":{\"@id\":\"https:\/\/infrawire.com.br\/index.php\/formulario-de-contato\/#breadcrumb\"},\"inLanguage\":\"pt-BR\",\"potentialAction\":[{\"@type\":\"ReadAction\",\"target\":[\"https:\/\/infrawire.com.br\/index.php\/formulario-de-contato\/\"]}]},{\"@type\":\"ImageObject\",\"inLanguage\":\"pt-BR\",\"@id\":\"https:\/\/infrawire.com.br\/index.php\/formulario-de-contato\/#primaryimage\",\"url\":\"https:\/\/infrawire.com.br\/wp-content\/plugins\/wpforms-lite\/assets\/images\/submit-spin.svg\",\"contentUrl\":\"https:\/\/infrawire.com.br\/wp-content\/plugins\/wpforms-lite\/assets\/images\/submit-spin.svg\"},{\"@type\":\"BreadcrumbList\",\"@id\":\"https:\/\/infrawire.com.br\/index.php\/formulario-de-contato\/#breadcrumb\",\"itemListElement\":[{\"@type\":\"ListItem\",\"position\":1,\"name\":\"In\u00edcio\",\"item\":\"https:\/\/infrawire.com.br\/\"},{\"@type\":\"ListItem\",\"position\":2,\"name\":\"Formul\u00e1rio de Contato:\"}]},{\"@type\":\"WebSite\",\"@id\":\"https:\/\/infrawire.com.br\/#website\",\"url\":\"https:\/\/infrawire.com.br\/\",\"name\":\"InfraWire\",\"description\":\"Gest\u00e3o, seguran\u00e7a e infraestrutura de TI para sua empresa\",\"publisher\":{\"@id\":\"https:\/\/infrawire.com.br\/#organization\"},\"potentialAction\":[{\"@type\":\"SearchAction\",\"target\":{\"@type\":\"EntryPoint\",\"urlTemplate\":\"https:\/\/infrawire.com.br\/?s={search_term_string}\"},\"query-input\":{\"@type\":\"PropertyValueSpecification\",\"valueRequired\":true,\"valueName\":\"search_term_string\"}}],\"inLanguage\":\"pt-BR\"},{\"@type\":\"Organization\",\"@id\":\"https:\/\/infrawire.com.br\/#organization\",\"name\":\"InfraWire\",\"url\":\"https:\/\/infrawire.com.br\/\",\"logo\":{\"@type\":\"ImageObject\",\"inLanguage\":\"pt-BR\",\"@id\":\"https:\/\/infrawire.com.br\/#\/schema\/logo\/image\/\",\"url\":\"https:\/\/infrawire.com.br\/wp-content\/uploads\/2025\/12\/WiraIfreLogo.svg\",\"contentUrl\":\"https:\/\/infrawire.com.br\/wp-content\/uploads\/2025\/12\/WiraIfreLogo.svg\",\"width\":1080,\"height\":1080,\"caption\":\"InfraWire\"},\"image\":{\"@id\":\"https:\/\/infrawire.com.br\/#\/schema\/logo\/image\/\"}}]}<\/script>\n<!-- \/ Yoast SEO plugin. -->","yoast_head_json":{"title":"Formul\u00e1rio de Contato: - InfraWire","robots":{"index":"index","follow":"follow","max-snippet":"max-snippet:-1","max-image-preview":"max-image-preview:large","max-video-preview":"max-video-preview:-1"},"canonical":"https:\/\/infrawire.com.br\/index.php\/formulario-de-contato\/","og_locale":"pt_BR","og_type":"article","og_title":"Formul\u00e1rio de Contato: - InfraWire","og_description":"Ative o JavaScript no seu navegador para preencher este formul\u00e1rio.Ative o JavaScript no seu navegador para preencher este formul\u00e1rio. Nome * NomeSobrenome [&hellip;]","og_url":"https:\/\/infrawire.com.br\/index.php\/formulario-de-contato\/","og_site_name":"InfraWire","article_modified_time":"2025-12-24T14:44:49+00:00","og_image":[{"url":"https:\/\/infrawire.com.br\/wp-content\/plugins\/wpforms-lite\/assets\/images\/submit-spin.svg","type":"","width":"","height":""}],"twitter_card":"summary_large_image","schema":{"@context":"https:\/\/schema.org","@graph":[{"@type":"WebPage","@id":"https:\/\/infrawire.com.br\/index.php\/formulario-de-contato\/","url":"https:\/\/infrawire.com.br\/index.php\/formulario-de-contato\/","name":"Formul\u00e1rio de Contato: - InfraWire","isPartOf":{"@id":"https:\/\/infrawire.com.br\/#website"},"primaryImageOfPage":{"@id":"https:\/\/infrawire.com.br\/index.php\/formulario-de-contato\/#primaryimage"},"image":{"@id":"https:\/\/infrawire.com.br\/index.php\/formulario-de-contato\/#primaryimage"},"thumbnailUrl":"https:\/\/infrawire.com.br\/wp-content\/plugins\/wpforms-lite\/assets\/images\/submit-spin.svg","datePublished":"2025-12-24T14:44:07+00:00","dateModified":"2025-12-24T14:44:49+00:00","breadcrumb":{"@id":"https:\/\/infrawire.com.br\/index.php\/formulario-de-contato\/#breadcrumb"},"inLanguage":"pt-BR","potentialAction":[{"@type":"ReadAction","target":["https:\/\/infrawire.com.br\/index.php\/formulario-de-contato\/"]}]},{"@type":"ImageObject","inLanguage":"pt-BR","@id":"https:\/\/infrawire.com.br\/index.php\/formulario-de-contato\/#primaryimage","url":"https:\/\/infrawire.com.br\/wp-content\/plugins\/wpforms-lite\/assets\/images\/submit-spin.svg","contentUrl":"https:\/\/infrawire.com.br\/wp-content\/plugins\/wpforms-lite\/assets\/images\/submit-spin.svg"},{"@type":"BreadcrumbList","@id":"https:\/\/infrawire.com.br\/index.php\/formulario-de-contato\/#breadcrumb","itemListElement":[{"@type":"ListItem","position":1,"name":"In\u00edcio","item":"https:\/\/infrawire.com.br\/"},{"@type":"ListItem","position":2,"name":"Formul\u00e1rio de Contato:"}]},{"@type":"WebSite","@id":"https:\/\/infrawire.com.br\/#website","url":"https:\/\/infrawire.com.br\/","name":"InfraWire","description":"Gest\u00e3o, seguran\u00e7a e infraestrutura de TI para sua empresa","publisher":{"@id":"https:\/\/infrawire.com.br\/#organization"},"potentialAction":[{"@type":"SearchAction","target":{"@type":"EntryPoint","urlTemplate":"https:\/\/infrawire.com.br\/?s={search_term_string}"},"query-input":{"@type":"PropertyValueSpecification","valueRequired":true,"valueName":"search_term_string"}}],"inLanguage":"pt-BR"},{"@type":"Organization","@id":"https:\/\/infrawire.com.br\/#organization","name":"InfraWire","url":"https:\/\/infrawire.com.br\/","logo":{"@type":"ImageObject","inLanguage":"pt-BR","@id":"https:\/\/infrawire.com.br\/#\/schema\/logo\/image\/","url":"https:\/\/infrawire.com.br\/wp-content\/uploads\/2025\/12\/WiraIfreLogo.svg","contentUrl":"https:\/\/infrawire.com.br\/wp-content\/uploads\/2025\/12\/WiraIfreLogo.svg","width":1080,"height":1080,"caption":"InfraWire"},"image":{"@id":"https:\/\/infrawire.com.br\/#\/schema\/logo\/image\/"}}]}},"jetpack_sharing_enabled":true,"_links":{"self":[{"href":"https:\/\/infrawire.com.br\/index.php\/wp-json\/wp\/v2\/pages\/1056","targetHints":{"allow":["GET"]}}],"collection":[{"href":"https:\/\/infrawire.com.br\/index.php\/wp-json\/wp\/v2\/pages"}],"about":[{"href":"https:\/\/infrawire.com.br\/index.php\/wp-json\/wp\/v2\/types\/page"}],"author":[{"embeddable":true,"href":"https:\/\/infrawire.com.br\/index.php\/wp-json\/wp\/v2\/users\/1"}],"replies":[{"embeddable":true,"href":"https:\/\/infrawire.com.br\/index.php\/wp-json\/wp\/v2\/comments?post=1056"}],"version-history":[{"count":4,"href":"https:\/\/infrawire.com.br\/index.php\/wp-json\/wp\/v2\/pages\/1056\/revisions"}],"predecessor-version":[{"id":1060,"href":"https:\/\/infrawire.com.br\/index.php\/wp-json\/wp\/v2\/pages\/1056\/revisions\/1060"}],"wp:attachment":[{"href":"https:\/\/infrawire.com.br\/index.php\/wp-json\/wp\/v2\/media?parent=1056"}],"curies":[{"name":"wp","href":"https:\/\/api.w.org\/{rel}","templated":true}]}}